{"id":290,"date":"2016-10-25T10:20:41","date_gmt":"2016-10-25T08:20:41","guid":{"rendered":"http:\/\/www.4it.hu\/?page_id=290"},"modified":"2016-10-25T10:27:08","modified_gmt":"2016-10-25T08:27:08","slug":"microsoft-rendszermernok","status":"publish","type":"page","link":"https:\/\/www.4it.hu\/en\/magunkrol\/kiket-keresunk\/microsoft-rendszermernok\/","title":{"rendered":"Microsoft rendszerm\u00e9rn\u00f6k"},"content":{"rendered":"<p class=\"qtranxs-available-languages-message qtranxs-available-languages-message-en\">Sorry, this entry is only available in <a href=\"https:\/\/www.4it.hu\/hu\/wp-json\/wp\/v2\/pages\/290\" class=\"qtranxs-available-language-link qtranxs-available-language-link-hu\" title=\"Magyar\">Hungarian<\/a>. For the sake of viewer convenience, the content is shown below in the alternative language. You may click the link to switch the active language.<\/p><p><strong>F\u0151 feladatok:<\/strong><br \/>\n&#8211;\u00a0\u00a0 \u00a0\u00dcgyfelek \u00faj, vagy megl\u00e9v\u0151 rendszereivel kapcsolatos tov\u00e1bbl\u00e9p\u00e9si lehet\u0151s\u00e9gek felm\u00e9r\u00e9se, javaslatok k\u00e9sz\u00edt\u00e9se, tervez\u00e9se, kialak\u00edt\u00e1sa, t\u00e1mogat\u00e1sa;<br \/>\n&#8211;\u00a0\u00a0 \u00a0Megl\u00e9v\u0151 rendszerek hat\u00e9konys\u00e1g\u00e1nak n\u00f6vel\u00e9se;<br \/>\n&#8211;\u00a0\u00a0 \u00a0\u00dcgyfelekn\u00e9l \u00faj rendszerek, szolg\u00e1ltat\u00e1sok tervez\u00e9se, bevezet\u00e9se, t\u00e1mogat\u00e1sa; folyamatos kapcsolattart\u00e1s;<br \/>\n&#8211;\u00a0\u00a0 \u00a0\u00dcgyfelekn\u00e9l alkalmazott, illetve \u00faj technol\u00f3gi\u00e1k megismer\u00e9se, szakmai ismeretek m\u00e9ly\u00edt\u00e9se;<br \/>\n&#8211;\u00a0\u00a0 \u00a0Partnerekkel, besz\u00e1ll\u00edt\u00f3kkal kapcsolattart\u00e1s, feladatok egyeztet\u00e9se;<br \/>\n&#8211;\u00a0\u00a0 \u00a0Folyamatos egyeztet\u00e9s a kereskedelemmel \u00e9s a vezet\u00e9ssel az \u00fcgyfeleinkn\u00e9l elnyerhet\u0151 feladatok \u00e9rdek\u00e9ben;<br \/>\n&#8211;\u00a0\u00a0 \u00a0Sz\u00fcks\u00e9g eset\u00e9n szakmai projektvezet\u0151i feladatok ell\u00e1t\u00e1sa.<\/p>\n<p><strong>Amire sz\u00fcks\u00e9ged lesz:<\/strong><br \/>\n&#8211;\u00a0\u00a0 \u00a03-5 \u00e9v hasonl\u00f3 munkak\u00f6rben szerzett szakmai tapasztalat;<br \/>\n&#8211;\u00a0\u00a0 \u00a0Windows server, Active Directory alap\u00fa k\u00f6rnyezet tervez\u00e9s\u00e9ben \u00e9s megval\u00f3s\u00edt\u00e1s\u00e1ban szerzett tapasztalat;<br \/>\n&#8211;\u00a0\u00a0 \u00a0Exchange server ismeretek;<br \/>\n&#8211;\u00a0\u00a0 \u00a0Microsoft nagyv\u00e1llalati megold\u00e1sok ismerete (SCSM, SCOM, SCCM, WDS, WSUS);<br \/>\n&#8211;\u00a0\u00a0 \u00a0MS Hyper-v k\u00f6rnyezet kialak\u00edt\u00e1s\u00e1ban szerzett gyakorlat;<br \/>\n&#8211;\u00a0\u00a0 \u00a0Proakt\u00edv, dinamikus szem\u00e9lyis\u00e9g;<br \/>\n&#8211;\u00a0\u00a0 \u00a0Struktur\u00e1lt gondolkod\u00e1sm\u00f3d, rugalmass\u00e1g \u00e9s rendszerszeml\u00e9let;<br \/>\n&#8211;\u00a0\u00a0 \u00a0Angol nyelv t\u00e1rsalg\u00e1si szint\u0171 ismerete sz\u00f3ban \u00e9s \u00edr\u00e1sban.<\/p>\n<p><strong>\u00c9s el\u0151ny, ha van:<\/strong><br \/>\n&#8211;\u00a0\u00a0 \u00a0Vmware virtualiz\u00e1ci\u00f3s k\u00f6rnyezet migr\u00e1l\u00e1s\u00e1ban szerzett gyakorlat;<br \/>\n&#8211;\u00a0\u00a0 \u00a0Linux k\u00f6rnyezetek kialak\u00edt\u00e1s\u00e1ban \u00e9s menedzsel\u00e9s\u00e9ben szerzett gyakorlat;<br \/>\n&#8211;\u00a0\u00a0 \u00a0Felh\u0151 alap\u00fa szolg\u00e1ltat\u00e1sokkal szerzett tapasztalat.<\/p>\n<p><strong>Cser\u00e9be ezt k\u00edn\u00e1ljuk Neked:<\/strong><br \/>\n&#8211;\u00a0\u00a0 \u00a0\u00c9rdekes, v\u00e1ltozatos, szakmai kih\u00edv\u00e1sokat jelent\u0151 feladatok \u00e9s projektek;<br \/>\n&#8211;\u00a0\u00a0 \u00a0A leg\u00fajabb technol\u00f3gi\u00e1k megismer\u00e9s\u00e9nek lehet\u0151s\u00e9ge;<br \/>\n&#8211;\u00a0\u00a0 \u00a0Folyamatos k\u00e9pz\u00e9sek, szakmai fejl\u0151d\u00e9s kiemelt t\u00e1mogat\u00e1sa;<br \/>\n&#8211;\u00a0\u00a0 \u00a0Rugalmas munkav\u00e9gz\u00e9s;<br \/>\n&#8211;\u00a0\u00a0 \u00a0Fiatalos, dinamikus csapat;<br \/>\n&#8211;\u00a0\u00a0 \u00a0Biztos munkahely, versenyk\u00e9pes j\u00f6vedelem.<\/p>\n<p>P\u00e1ly\u00e1zati anyagodat a <a href=\"mailto:job@grepton.hu\">job@grepton.hu<\/a> e-mail c\u00edmre v\u00e1rjuk. K\u00e9rj\u00fck, a t\u00e1rgy mez\u0151ben t\u00fcntesd fel: \u201eMicrosoft rendszerm\u00e9rn\u00f6k\u201d.<\/p>","protected":false},"excerpt":{"rendered":"<p>Sorry, this entry is only available in Hungarian. For the sake of viewer convenience, the content is shown below in the alternative language. You may click the link to switch the active language.F\u0151 feladatok: &#8211;\u00a0\u00a0 \u00a0\u00dcgyfelek \u00faj, vagy megl\u00e9v\u0151 rendszereivel &hellip; <a href=\"https:\/\/www.4it.hu\/en\/magunkrol\/kiket-keresunk\/microsoft-rendszermernok\/\">Continue reading <span class=\"meta-nav\">&rarr;<\/span><\/a><\/p>\n","protected":false},"author":1,"featured_media":0,"parent":51,"menu_order":0,"comment_status":"closed","ping_status":"closed","template":"onecolumn-page.php","meta":[],"_links":{"self":[{"href":"https:\/\/www.4it.hu\/en\/wp-json\/wp\/v2\/pages\/290"}],"collection":[{"href":"https:\/\/www.4it.hu\/en\/wp-json\/wp\/v2\/pages"}],"about":[{"href":"https:\/\/www.4it.hu\/en\/wp-json\/wp\/v2\/types\/page"}],"author":[{"embeddable":true,"href":"https:\/\/www.4it.hu\/en\/wp-json\/wp\/v2\/users\/1"}],"replies":[{"embeddable":true,"href":"https:\/\/www.4it.hu\/en\/wp-json\/wp\/v2\/comments?post=290"}],"version-history":[{"count":2,"href":"https:\/\/www.4it.hu\/en\/wp-json\/wp\/v2\/pages\/290\/revisions"}],"predecessor-version":[{"id":295,"href":"https:\/\/www.4it.hu\/en\/wp-json\/wp\/v2\/pages\/290\/revisions\/295"}],"up":[{"embeddable":true,"href":"https:\/\/www.4it.hu\/en\/wp-json\/wp\/v2\/pages\/51"}],"wp:attachment":[{"href":"https:\/\/www.4it.hu\/en\/wp-json\/wp\/v2\/media?parent=290"}],"curies":[{"name":"wp","href":"https:\/\/api.w.org\/{rel}","templated":true}]}}