{"id":308,"date":"2017-11-13T14:57:08","date_gmt":"2017-11-13T12:57:08","guid":{"rendered":"http:\/\/www.4it.hu\/?page_id=308"},"modified":"2019-11-26T12:48:07","modified_gmt":"2019-11-26T10:48:07","slug":"microsoft-dynamics-alapu-uzleti-megoldasok-kkv-es-nagyvallalati-szegmensben","status":"publish","type":"page","link":"https:\/\/www.4it.hu\/en\/kompetenciak\/microsoft-dynamics-alapu-uzleti-megoldasok-kkv-es-nagyvallalati-szegmensben\/","title":{"rendered":"Microsoft Dynamics alap\u00fa \u00fczleti megold\u00e1sok, kkv \u00e9s nagyv\u00e1llalati szegmensben"},"content":{"rendered":"<p class=\"qtranxs-available-languages-message qtranxs-available-languages-message-en\">Sorry, this entry is only available in <a href=\"https:\/\/www.4it.hu\/hu\/wp-json\/wp\/v2\/pages\/308\" class=\"qtranxs-available-language-link qtranxs-available-language-link-hu\" title=\"Magyar\">Hungarian<\/a>. For the sake of viewer convenience, the content is shown below in the alternative language. You may click the link to switch the active language.<\/p><p>Microsoft Dynamics alap\u00fa \u00fczleti megold\u00e1sok, kkv \u00e9s nagyv\u00e1llalati szegmensben<\/p>\n<p>KKV szegmensben:\u00a0<a href=\"https:\/\/www.4it.hu\/microsoft-dynamics-nav\/\"><strong> Microsoft Dynamics NAV<\/strong><\/a><\/p>\n<p>Nagyv\u00e1llalati szegmensben:<a href=\"https:\/\/www.4it.hu\/microsoft-dynamics-ax\/\"><strong> Microsoft Dynamics AX<\/strong><\/a><\/p>\n<p>B\u00e1rmelyiket felh\u0151b\u0151l: Microsoft D365 teljesk\u00f6r\u0171 \u00fczleti megold\u00e1s szolg\u00e1ltat\u00e1s:\u00a0 <a href=\"https:\/\/www.4it.hu\/microsoft-d365\/\"><strong>Microsoft D365<\/strong><\/a><\/p>","protected":false},"excerpt":{"rendered":"<p>Sorry, this entry is only available in Hungarian. For the sake of viewer convenience, the content is shown below in the alternative language. You may click the link to switch the active language.Microsoft Dynamics alap\u00fa \u00fczleti megold\u00e1sok, kkv \u00e9s nagyv\u00e1llalati &hellip; <a href=\"https:\/\/www.4it.hu\/en\/kompetenciak\/microsoft-dynamics-alapu-uzleti-megoldasok-kkv-es-nagyvallalati-szegmensben\/\">Continue reading <span class=\"meta-nav\">&rarr;<\/span><\/a><\/p>\n","protected":false},"author":1,"featured_media":0,"parent":9,"menu_order":0,"comment_status":"closed","ping_status":"closed","template":"","meta":[],"_links":{"self":[{"href":"https:\/\/www.4it.hu\/en\/wp-json\/wp\/v2\/pages\/308"}],"collection":[{"href":"https:\/\/www.4it.hu\/en\/wp-json\/wp\/v2\/pages"}],"about":[{"href":"https:\/\/www.4it.hu\/en\/wp-json\/wp\/v2\/types\/page"}],"author":[{"embeddable":true,"href":"https:\/\/www.4it.hu\/en\/wp-json\/wp\/v2\/users\/1"}],"replies":[{"embeddable":true,"href":"https:\/\/www.4it.hu\/en\/wp-json\/wp\/v2\/comments?post=308"}],"version-history":[{"count":3,"href":"https:\/\/www.4it.hu\/en\/wp-json\/wp\/v2\/pages\/308\/revisions"}],"predecessor-version":[{"id":404,"href":"https:\/\/www.4it.hu\/en\/wp-json\/wp\/v2\/pages\/308\/revisions\/404"}],"up":[{"embeddable":true,"href":"https:\/\/www.4it.hu\/en\/wp-json\/wp\/v2\/pages\/9"}],"wp:attachment":[{"href":"https:\/\/www.4it.hu\/en\/wp-json\/wp\/v2\/media?parent=308"}],"curies":[{"name":"wp","href":"https:\/\/api.w.org\/{rel}","templated":true}]}}