{"id":318,"date":"2017-11-13T15:14:55","date_gmt":"2017-11-13T13:14:55","guid":{"rendered":"http:\/\/www.4it.hu\/?page_id=318"},"modified":"2017-11-13T15:27:50","modified_gmt":"2017-11-13T13:27:50","slug":"microsoft-dynamics-nav","status":"publish","type":"page","link":"https:\/\/www.4it.hu\/en\/microsoft-dynamics-nav\/","title":{"rendered":"Microsoft Dynamics NAV"},"content":{"rendered":"<p class=\"qtranxs-available-languages-message qtranxs-available-languages-message-en\">Sorry, this entry is only available in <a href=\"https:\/\/www.4it.hu\/hu\/wp-json\/wp\/v2\/pages\/318\" class=\"qtranxs-available-language-link qtranxs-available-language-link-hu\" title=\"Magyar\">Hungarian<\/a>. For the sake of viewer convenience, the content is shown below in the alternative language. You may click the link to switch the active language.<\/p><p>Egy dinamikusan n\u00f6vekv\u0151, b\u0151v\u00fcl\u0151, \u00e1talakul\u00f3 mai magyar kis \u00e9s k\u00f6z\u00e9pv\u00e1llalat (kkv) elengedhetetlen eszk\u00f6ze egy olyan hasonl\u00f3an dinamikus v\u00e1llalatir\u00e1ny\u00edt\u00e1si rendszer, amely a v\u00e1llalat \u00e1talakul\u00e1s\u00e1t \u00e9s b\u0151v\u00fcl\u00e9s\u00e9t nem csak lek\u00f6vetni, de azt el\u0151 is tudja seg\u00edteni.<\/p>\n<p>Dolgozzon b\u00e1rmely ipar\u00e1gban, az \u00fcgyf\u00e9lkapcsolatok \u00e9s az \u00e9rt\u00e9kes\u00edt\u00e9s, az \u00e9rt\u00e9kteremt\u00e9s folyamatai, a beszerz\u00e9s, a k\u00e9szletkezel\u00e9s vagy szolg\u00e1ltat\u00e1si folyamatok, a magyarorsz\u00e1gi jogszab\u00e1lyoknak megfelel\u0151 p\u00e9nz\u00fcgyi-sz\u00e1mviteli h\u00e1tt\u00e9r, a b\u00e1rmilyen eszk\u00f6z\u00f6n el\u00e9rhet\u0151 jelent\u00e9sek, inform\u00e1ci\u00f3k \u00e9s adatbeviteli lehet\u0151s\u00e9gek ig\u00e9nye majd minden esetben jelen vannak c\u00e9ge \u00e9let\u00e9ben.<\/p>\n<p>Mindezek egy rendszerben, rugalmasan, k\u00f6nnyen bevezethet\u0151 m\u00f3don a Dynamics NAV \u00e9s szak\u00e9rt\u0151 koll\u00e9g\u00e1ink r\u00e9v\u00e9n gyorsan val\u00f3ra v\u00e1lhatnak.<\/p>\n<p>\u00dcgyfeleink jellemz\u0151en<\/p>\n<ul>\n<li>a v\u00e1llalat nyeres\u00e9gess\u00e9ge<\/li>\n<li>beszerz\u00e9si csatorn\u00e1k, sz\u00e1ll\u00edt\u00f3k m\u00e9lyebb ismerete \u00e9s az \u00e1rt\u00e1rgyal\u00e1sok t\u00e9nyszer\u0171bb al\u00e1t\u00e1maszt\u00e1sa<\/li>\n<li>az \u00fcgyfelekkel, szok\u00e1saikkal, tev\u00e9kenys\u00e9g\u00fckkel, keresett term\u00e9kekkel \u00e9s szolg\u00e1ltat\u00e1sokkal kapcsolatos tiszta \u00e9s vil\u00e1gos k\u00e9p, \u00e9s az erre alapozott magasabb \u00fcgyf\u00e9lkiszolg\u00e1l\u00e1si \u00e9s -el\u00e9gedetts\u00e9gi szint<\/li>\n<li>a projektszer\u0171 m\u0171k\u00f6d\u00e9s t\u00f6bbszint\u0171 tervez\u00e9se, prec\u00edz kivitelez\u00e9se \u00e9s \u00e1tfog\u00f3 kontrollingja<\/li>\n<li>a k\u00e9szletkezel\u00e9s pontoss\u00e1ga, a vissz\u00e1r\u00fak drasztikus cs\u00f6kken\u00e9se, az alacsonyabb k\u00e9szletszint mellett is szinten tartott \u00fcgyf\u00e9lkiszolg\u00e1l\u00e1s<\/li>\n<\/ul>\n<p>t\u00e9mak\u00f6r\u00f6ket eml\u00edtik els\u0151sorban a bevezet\u00e9si projekt realiz\u00e1lt hasznaik\u00e9nt. \u00d6nnek ezek k\u00f6z\u00fcl melyik 2-3 lenne a legfontosabb?<\/p>\n<p>K\u00e9rj\u00fck, \u00edrja meg, vagy mondja el az al\u00e1bbi el\u00e9rhet\u0151s\u00e9geken:<\/p>\n<p>Czere M\u00e1rk, \u00e9rt\u00e9kes\u00edt\u00e9si igazgat\u00f3<br \/>\n<a href=\"mailto:mczere@4it.hu\">mczere@4it.hu <\/a><br \/>\n06-20-219-4682<\/p>","protected":false},"excerpt":{"rendered":"<p>Sorry, this entry is only available in Hungarian. For the sake of viewer convenience, the content is shown below in the alternative language. You may click the link to switch the active language.Egy dinamikusan n\u00f6vekv\u0151, b\u0151v\u00fcl\u0151, \u00e1talakul\u00f3 mai magyar kis &hellip; <a href=\"https:\/\/www.4it.hu\/en\/microsoft-dynamics-nav\/\">Continue reading <span class=\"meta-nav\">&rarr;<\/span><\/a><\/p>\n","protected":false},"author":1,"featured_media":0,"parent":0,"menu_order":0,"comment_status":"closed","ping_status":"closed","template":"","meta":[],"_links":{"self":[{"href":"https:\/\/www.4it.hu\/en\/wp-json\/wp\/v2\/pages\/318"}],"collection":[{"href":"https:\/\/www.4it.hu\/en\/wp-json\/wp\/v2\/pages"}],"about":[{"href":"https:\/\/www.4it.hu\/en\/wp-json\/wp\/v2\/types\/page"}],"author":[{"embeddable":true,"href":"https:\/\/www.4it.hu\/en\/wp-json\/wp\/v2\/users\/1"}],"replies":[{"embeddable":true,"href":"https:\/\/www.4it.hu\/en\/wp-json\/wp\/v2\/comments?post=318"}],"version-history":[{"count":2,"href":"https:\/\/www.4it.hu\/en\/wp-json\/wp\/v2\/pages\/318\/revisions"}],"predecessor-version":[{"id":321,"href":"https:\/\/www.4it.hu\/en\/wp-json\/wp\/v2\/pages\/318\/revisions\/321"}],"wp:attachment":[{"href":"https:\/\/www.4it.hu\/en\/wp-json\/wp\/v2\/media?parent=318"}],"curies":[{"name":"wp","href":"https:\/\/api.w.org\/{rel}","templated":true}]}}