{"id":322,"date":"2017-11-13T15:19:22","date_gmt":"2017-11-13T13:19:22","guid":{"rendered":"http:\/\/www.4it.hu\/?page_id=322"},"modified":"2017-11-13T15:27:46","modified_gmt":"2017-11-13T13:27:46","slug":"microsoft-d365","status":"publish","type":"page","link":"https:\/\/www.4it.hu\/en\/microsoft-d365\/","title":{"rendered":"Microsoft D365"},"content":{"rendered":"<p class=\"qtranxs-available-languages-message qtranxs-available-languages-message-en\">Sorry, this entry is only available in <a href=\"https:\/\/www.4it.hu\/hu\/wp-json\/wp\/v2\/pages\/322\" class=\"qtranxs-available-language-link qtranxs-available-language-link-hu\" title=\"Magyar\">Hungarian<\/a>. For the sake of viewer convenience, the content is shown below in the alternative language. You may click the link to switch the active language.<\/p><p>A v\u00e1llalatir\u00e1ny\u00edt\u00e1s \u00e9s az \u00fcgyf\u00e9lkapcsolat kezel\u00e9s v\u00e9gre mesters\u00e9ges hat\u00e1rok n\u00e9lk\u00fcl, egyetlen felh\u0151 alap\u00fa szolg\u00e1ltat\u00e1son kereszt\u00fcl jelenhet meg egy nagyv\u00e1llalat \u00e9let\u00e9ben. Az \u00e9rdekl\u0151d\u0151t\u0151l, az aj\u00e1nlatkezel\u00e9sen \u00e9s marketingen kereszt\u00fcl, a szerz\u0151d\u00e9sk\u00f6t\u00e9sen vagy megrendel\u00e9sen kereszt\u00fcl a teljes lesz\u00e1ll\u00edt\u00e1sig \u00e9s elsz\u00e1mol\u00e1sig minden egy helyen. Sok v\u00e1llalatos, sok orsz\u00e1gos, t\u00f6bb telephelyes \u00fczleti modell eset\u00e9n is kiv\u00e1l\u00f3 megold\u00e1st jelent a Microsoft D365 megold\u00e1sa. Saj\u00e1t infrastrukt\u00fara n\u00e9lk\u00fcl is, el\u0151fizet\u00e9ses alapon, a Microsoft \u00e1ltal biztos\u00edtott szint\u00e9n felh\u0151 alap\u00fa projektmenedzsment \u00e9s rendszerfejleszt\u00e9si szolg\u00e1ltat\u00e1ssal (Lifecycle Services) gyorsabban, egyszer\u0171bben bevezethet\u0151, mint a kor\u00e1bbi verzi\u00f3k.<\/p>\n<p>Amennyiben nagyv\u00e1llalatk\u00e9nt gondolkozik v\u00e1llalatir\u00e1ny\u00edt\u00e1si rendszer bevezet\u00e9s\u00e9ben, k\u00e9rem, keressen az al\u00e1bbi el\u00e9rhet\u0151s\u00e9geken:<\/p>\n<p>Czere M\u00e1rk, \u00e9rt\u00e9kes\u00edt\u00e9si igazgat\u00f3<br \/>\n<a href=\"mailto:mczere@4it.hu\">mczere@4it.hu<\/a><br \/>\n06-20-219-4682<\/p>","protected":false},"excerpt":{"rendered":"<p>Sorry, this entry is only available in Hungarian. For the sake of viewer convenience, the content is shown below in the alternative language. You may click the link to switch the active language.A v\u00e1llalatir\u00e1ny\u00edt\u00e1s \u00e9s az \u00fcgyf\u00e9lkapcsolat kezel\u00e9s v\u00e9gre mesters\u00e9ges &hellip; <a href=\"https:\/\/www.4it.hu\/en\/microsoft-d365\/\">Continue reading <span class=\"meta-nav\">&rarr;<\/span><\/a><\/p>\n","protected":false},"author":1,"featured_media":0,"parent":0,"menu_order":0,"comment_status":"closed","ping_status":"closed","template":"","meta":[],"_links":{"self":[{"href":"https:\/\/www.4it.hu\/en\/wp-json\/wp\/v2\/pages\/322"}],"collection":[{"href":"https:\/\/www.4it.hu\/en\/wp-json\/wp\/v2\/pages"}],"about":[{"href":"https:\/\/www.4it.hu\/en\/wp-json\/wp\/v2\/types\/page"}],"author":[{"embeddable":true,"href":"https:\/\/www.4it.hu\/en\/wp-json\/wp\/v2\/users\/1"}],"replies":[{"embeddable":true,"href":"https:\/\/www.4it.hu\/en\/wp-json\/wp\/v2\/comments?post=322"}],"version-history":[{"count":2,"href":"https:\/\/www.4it.hu\/en\/wp-json\/wp\/v2\/pages\/322\/revisions"}],"predecessor-version":[{"id":331,"href":"https:\/\/www.4it.hu\/en\/wp-json\/wp\/v2\/pages\/322\/revisions\/331"}],"wp:attachment":[{"href":"https:\/\/www.4it.hu\/en\/wp-json\/wp\/v2\/media?parent=322"}],"curies":[{"name":"wp","href":"https:\/\/api.w.org\/{rel}","templated":true}]}}