{"id":334,"date":"2017-11-13T15:42:26","date_gmt":"2017-11-13T13:42:26","guid":{"rendered":"http:\/\/www.4it.hu\/?page_id=334"},"modified":"2019-11-26T12:48:48","modified_gmt":"2019-11-26T10:48:48","slug":"letoltheto-anyagok","status":"publish","type":"page","link":"https:\/\/www.4it.hu\/en\/letoltheto-anyagok\/","title":{"rendered":"Let\u00f6lthet\u0151 anyagok"},"content":{"rendered":"<p class=\"qtranxs-available-languages-message qtranxs-available-languages-message-en\">Sorry, this entry is only available in <a href=\"https:\/\/www.4it.hu\/hu\/wp-json\/wp\/v2\/pages\/334\" class=\"qtranxs-available-language-link qtranxs-available-language-link-hu\" title=\"Magyar\">Hungarian<\/a>. For the sake of viewer convenience, the content is shown below in the alternative language. You may click the link to switch the active language.<\/p><p><a href=\"https:\/\/www.4it.hu\/wp-content\/uploads\/2017\/11\/4IT_ASZF.pdf\">\u00c1ltal\u00e1nos Szerz\u0151d\u00e9si Felt\u00e9telek<\/a><\/p>\n<p><a href=\"https:\/\/www.4it.hu\/wp-content\/uploads\/2017\/11\/4IT_Adatkezelesi_tajekoztato.pdf\">Adatkezel\u00e9si T\u00e1j\u00e9koztat\u00f3<\/a><\/p>","protected":false},"excerpt":{"rendered":"<p>Sorry, this entry is only available in Hungarian. For the sake of viewer convenience, the content is shown below in the alternative language. You may click the link to switch the active language.\u00c1ltal\u00e1nos Szerz\u0151d\u00e9si Felt\u00e9telek Adatkezel\u00e9si T\u00e1j\u00e9koztat\u00f3<\/p>\n","protected":false},"author":1,"featured_media":0,"parent":0,"menu_order":0,"comment_status":"closed","ping_status":"closed","template":"","meta":[],"_links":{"self":[{"href":"https:\/\/www.4it.hu\/en\/wp-json\/wp\/v2\/pages\/334"}],"collection":[{"href":"https:\/\/www.4it.hu\/en\/wp-json\/wp\/v2\/pages"}],"about":[{"href":"https:\/\/www.4it.hu\/en\/wp-json\/wp\/v2\/types\/page"}],"author":[{"embeddable":true,"href":"https:\/\/www.4it.hu\/en\/wp-json\/wp\/v2\/users\/1"}],"replies":[{"embeddable":true,"href":"https:\/\/www.4it.hu\/en\/wp-json\/wp\/v2\/comments?post=334"}],"version-history":[{"count":5,"href":"https:\/\/www.4it.hu\/en\/wp-json\/wp\/v2\/pages\/334\/revisions"}],"predecessor-version":[{"id":406,"href":"https:\/\/www.4it.hu\/en\/wp-json\/wp\/v2\/pages\/334\/revisions\/406"}],"wp:attachment":[{"href":"https:\/\/www.4it.hu\/en\/wp-json\/wp\/v2\/media?parent=334"}],"curies":[{"name":"wp","href":"https:\/\/api.w.org\/{rel}","templated":true}]}}